{"id":1310,"date":"2021-11-30T16:26:54","date_gmt":"2021-11-30T15:26:54","guid":{"rendered":"https:\/\/quimi-reach.com\/mentions-legales\/"},"modified":"2021-12-21T11:26:54","modified_gmt":"2021-12-21T10:26:54","slug":"mentions-legales","status":"publish","type":"page","link":"https:\/\/quimi-reach.com\/fr\/mentions-legales\/","title":{"rendered":"Mentions L\u00e9gales"},"content":{"rendered":"\t\t<div data-elementor-type=\"wp-page\" data-elementor-id=\"1310\" class=\"elementor elementor-1310 elementor-524\" data-elementor-post-type=\"page\">\n\t\t\t\t\t\t<section class=\"elementor-section elementor-top-section elementor-element elementor-element-5b49adb elementor-section-boxed elementor-section-height-default elementor-section-height-default\" data-id=\"5b49adb\" data-element_type=\"section\" data-e-type=\"section\" data-settings=\"{&quot;jet_parallax_layout_list&quot;:[{&quot;jet_parallax_layout_image&quot;:{&quot;url&quot;:&quot;&quot;,&quot;id&quot;:&quot;&quot;,&quot;size&quot;:&quot;&quot;},&quot;_id&quot;:&quot;dccd55e&quot;,&quot;jet_parallax_layout_image_tablet&quot;:{&quot;url&quot;:&quot;&quot;,&quot;id&quot;:&quot;&quot;,&quot;size&quot;:&quot;&quot;},&quot;jet_parallax_layout_image_mobile&quot;:{&quot;url&quot;:&quot;&quot;,&quot;id&quot;:&quot;&quot;,&quot;size&quot;:&quot;&quot;},&quot;jet_parallax_layout_speed&quot;:{&quot;unit&quot;:&quot;%&quot;,&quot;size&quot;:50,&quot;sizes&quot;:[]},&quot;jet_parallax_layout_type&quot;:&quot;scroll&quot;,&quot;jet_parallax_layout_direction&quot;:&quot;1&quot;,&quot;jet_parallax_layout_fx_direction&quot;:null,&quot;jet_parallax_layout_z_index&quot;:&quot;&quot;,&quot;jet_parallax_layout_bg_x&quot;:50,&quot;jet_parallax_layout_bg_x_tablet&quot;:&quot;&quot;,&quot;jet_parallax_layout_bg_x_mobile&quot;:&quot;&quot;,&quot;jet_parallax_layout_bg_y&quot;:50,&quot;jet_parallax_layout_bg_y_tablet&quot;:&quot;&quot;,&quot;jet_parallax_layout_bg_y_mobile&quot;:&quot;&quot;,&quot;jet_parallax_layout_bg_size&quot;:&quot;auto&quot;,&quot;jet_parallax_layout_bg_size_tablet&quot;:&quot;&quot;,&quot;jet_parallax_layout_bg_size_mobile&quot;:&quot;&quot;,&quot;jet_parallax_layout_animation_prop&quot;:&quot;transform&quot;,&quot;jet_parallax_layout_on&quot;:[&quot;desktop&quot;,&quot;tablet&quot;]}]}\">\n\t\t\t\t\t\t<div class=\"elementor-container elementor-column-gap-default\">\n\t\t\t\t\t<div class=\"elementor-column elementor-col-100 elementor-top-column elementor-element elementor-element-89ddd81\" data-id=\"89ddd81\" data-element_type=\"column\" data-e-type=\"column\">\n\t\t\t<div class=\"elementor-widget-wrap elementor-element-populated\">\n\t\t\t\t\t\t<div class=\"elementor-element elementor-element-57f7675 elementor-widget elementor-widget-text-editor\" data-id=\"57f7675\" data-element_type=\"widget\" data-e-type=\"widget\" data-widget_type=\"text-editor.default\">\n\t\t\t\t<div class=\"elementor-widget-container\">\n\t\t\t\t\t\t\t\t\t<p><strong>INTRODUCTION<\/strong><\/p>\n<p>Ce document a comme finalit\u00e9 \u00e9tablir et r\u00e9gler les normes d\u2019utilisation de ce portail web, c&rsquo;est-\u00e0-dire toutes les pages et leurs contenus, propri\u00e9t\u00e9 d&rsquo;ALBA VALERO VILLARON, accessibles via le domaine www.quimi-reach.com. L&rsquo;utilisation du portail Web attribue la condition d&rsquo;utilisateur de celui-ci et implique l&rsquo;acceptation de toutes les conditions incluses dans le pr\u00e9sent avis juridique. L&rsquo;utilisateur s&rsquo;engage \u00e0 lire attentivement les pr\u00e9sentes mentions l\u00e9gales \u00e0 chacune des occasions o\u00f9 il a l&rsquo;intention d&rsquo;utiliser notre portail Web, car celui-ci et ses conditions d&rsquo;utilisation contenues dans les pr\u00e9sentes mentions l\u00e9gales peuvent \u00eatre sujets \u00e0 des modifications.<\/p>\n<p><strong>DONN\u00c9ES D&rsquo;IDENTIFICATION<\/strong><br \/>Conform\u00e9ment \u00e0 l&rsquo;obligation d&rsquo;information contenue \u00e0 l&rsquo;article 10 de la loi 34\/2002 du 11 juillet sur les services de la soci\u00e9t\u00e9 de l&rsquo;information et du commerce \u00e9lectronique, les informations suivantes sont refl\u00e9t\u00e9es ci-dessous :<br \/>\u2022 Raison Sociale : ALBA VALERO VILLARON<br \/>\u2022 CIF\/VAT : 39943972X<br \/>\u2022 Adresse : Calle SANT HIPOLIT, 43, 2, PUERTA 2, Esc E, CP 08030 Barcelone<br \/>\u2022 T\u00e9l\u00e9phone : 633644006<br \/>\u2022 Email : alba@quimi-reach.com<br \/>\u2022 Nom de domaine : www.quimi-reach.com<\/p>\n<p><strong>UTILISATEURS ET UTILISATEURS<\/strong><br \/>L&rsquo;acc\u00e8s et l&rsquo;utilisation de ce portail, attribue la condition d&rsquo;UTILISATEUR, qui accepte, \u00e0 partir de cet acc\u00e8s et de cette utilisation, les Conditions G\u00e9n\u00e9rales d&rsquo;Utilisation refl\u00e9t\u00e9es ici. Les Conditions mentionn\u00e9es seront applicables quelles que soient les Conditions G\u00e9n\u00e9rales de Contrat qui, dans leur cas, sont obligatoires.<\/p>\n<p><strong>UTILISATION DU PORTAIL :<\/strong><br \/>Donne acc\u00e8s \u00e0 diverses informations sur notre entit\u00e9, sections de contact, hyperliens vers les r\u00e9seaux sociaux, ci-apr\u00e8s contenus appartenant \u00e0 ALBA VALERO VILLARON, ou \u00e0 ses conc\u00e9dants de licence, auxquels l&rsquo;utilisateur peut avoir acc\u00e8s. . L&rsquo;utilisateur assume la responsabilit\u00e9 de l&rsquo;utilisation du portail. Cette responsabilit\u00e9 s&rsquo;\u00e9tend \u00e0 l&rsquo;enregistrement n\u00e9cessaire pour acc\u00e9der \u00e0 certains services ou contenus, ou pour permettre la r\u00e9ponse \u00e0 vos questions dans les sections de contact de ce site Web, etc. Lors de cette inscription, l&rsquo;utilisateur sera responsable de fournir des informations v\u00e9ridiques et licites.<\/p>\n<p><strong>PROPRI\u00c9T\u00c9 INTELLECTUELLE ET INDUSTRIELLE :<\/strong><br \/>ALBA VALERO VILLARON, \u00e0 elle seule ou en tant que cessionnaire, est propri\u00e9taire de tous les droits de propri\u00e9t\u00e9 intellectuelle et industrielle de son site Internet, ainsi que des \u00e9l\u00e9ments qui y figurent (\u00e0 titre d&rsquo;exemple : images, sons, vid\u00e9os, logiciels ou textes ; marques ou logos, combinaisons de couleurs, structure et design, s\u00e9lection des mat\u00e9riaux utilis\u00e9s, programmes informatiques n\u00e9cessaires \u00e0 son fonctionnement, acc\u00e8s et utilisation, etc.). Tous droits r\u00e9serv\u00e9s. En vertu des dispositions des articles 8 et 32.2, deuxi\u00e8me alin\u00e9a, de la loi sur la propri\u00e9t\u00e9 intellectuelle, la reproduction, la distribution et la communication publique, y compris le mode de mise \u00e0 disposition, de tout ou partie du contenu de ce site Web, \u00e0 des fins commerciales, sur tout support et par tout moyen technique, sans l&rsquo;autorisation d&rsquo;ALBA VALERO VILLARON, sont express\u00e9ment interdits. En aucun moment, sauf mention expresse contraire, l&rsquo;acc\u00e8s, la navigation ou l&rsquo;utilisation du site ou de son contenu ne conf\u00e8re \u00e0 l&rsquo;utilisateur un quelconque droit sur les signes distinctifs qui y sont inclus. L&rsquo;utilisateur s&rsquo;engage \u00e0 respecter les droits de propri\u00e9t\u00e9 intellectuelle et industrielle d\u00e9tenus par ALBA VALERO VILLARON. L&rsquo;utilisateur d\u00e9clare, garantit et accepte qu&rsquo;il a le droit de le faire en toute libert\u00e9, que lesdites informations ne portent atteinte \u00e0 aucun droit de propri\u00e9t\u00e9 intellectuelle ou industrielle, ni \u00e0 aucun autre droit de tiers, et que ces informations ne sont ni confidentielles n\u2019il est pr\u00e9judiciable aux tiers.<\/p>\n<p><strong>EXCLUSION DE GARANTIES ET DE RESPONSABILIT\u00c9 :<\/strong><br \/>ALBA VALERO VILLARON n&rsquo;est en aucun cas responsable des dommages de toute nature qui pourraient \u00eatre caus\u00e9s, \u00e0 titre d&rsquo;exemple : des erreurs ou des omissions dans le contenu, l&rsquo;indisponibilit\u00e9 du portail ou la transmission de virus ou de programmes malveillants ou nuisibles dans le contenu, malgr\u00e9 avoir adopt\u00e9 toutes les mesures technologiques n\u00e9cessaires pour l&rsquo;\u00e9viter. Le contenu, les informations et les conseils exprim\u00e9s dans ce portail Web doivent \u00eatre compris comme purement indicatifs. ALBA VALERO VILLARON ne r\u00e9pond en aucune mani\u00e8re \u00e0 l&rsquo;efficacit\u00e9 ou \u00e0 l&rsquo;exactitude de celles-ci, \u00e9tant d\u00e9gag\u00e9e de toute responsabilit\u00e9 vis-\u00e0-vis des utilisateurs qui les utilisent.<br \/>Le contenu et les commentaires fournis par des tiers peuvent \u00eatre publi\u00e9s sur ce site. ALBA VALERO VILLARON n&rsquo;est pas responsable de la v\u00e9racit\u00e9 et de l&rsquo;exactitude de celles-ci, \u00e9tant exon\u00e9r\u00e9 de toute responsabilit\u00e9 envers les utilisateurs qui les utilisent. . ALBA VALERO VILLARON se r\u00e9serve le droit de modifier le contenu du Site sans pr\u00e9avis et sans aucun type de limitation. De m\u00eame, la soci\u00e9t\u00e9 d\u00e9cline toute responsabilit\u00e9 pour les dommages qui pourraient \u00eatre caus\u00e9s par le manque de disponibilit\u00e9 ou de continuit\u00e9 de ce site et des services qui y sont propos\u00e9s. Nous ne pouvons pas non plus garantir l&rsquo;absence de virus ou d&rsquo;autres \u00e9l\u00e9ments sur le Web pouvant provoquer des alt\u00e9rations de votre syst\u00e8me informatique. ALBA VALERO VILLARON d\u00e9cline toute responsabilit\u00e9 pour les services et informations fournis sur d&rsquo;autres sites li\u00e9s \u00e0 celui-ci, car il ne contr\u00f4le ni n&rsquo;exerce aucun type de surveillance sur les sites Web de tiers. Nous conseillons aux utilisateurs d&rsquo;agir avec prudence et de consulter les \u00e9ventuelles conditions l\u00e9gales qui sont expos\u00e9es dans les dits sites Web. De m\u00eame, les Utilisateurs qui envoient tout type d&rsquo;informations s&rsquo;assureront qu&rsquo;elles sont v\u00e9ridiques et qu&rsquo;elles ne violent aucun droit de tiers ou la l\u00e9gislation en vigueur. Si vous pensez qu&rsquo;un contenu ou une information sur ce site viole un<\/p>\n<p>un droit l\u00e9gitime ou la l\u00e9gislation en vigueur, nous vous serions tr\u00e8s reconnaissants de nous contacter par les moyens que vous jugez appropri\u00e9s, soit \u00e0 l&rsquo;adresse e-mail alba@quimi-reach.com, soit au num\u00e9ro de t\u00e9l\u00e9phone suivant 633644006 afin que nous puissions prendre les mesures appropri\u00e9es.<\/p>\n<p><strong>MODIFICATIONS<\/strong><br \/>ALBA VALERO VILLARON se r\u00e9serve le droit d&rsquo;apporter les modifications qu&rsquo;elle jugera appropri\u00e9es sur son portail sans pr\u00e9avis, pouvant modifier, supprimer ou ajouter \u00e0 la fois le contenu et les services fournis \u00e0 travers de celle-ci et la mani\u00e8re dont ils sont pr\u00e9sent\u00e9s ou situ\u00e9s sur son portail.<\/p>\n<p><strong>LIENS:<\/strong><br \/>Dans le cas o\u00f9 des liens ou des hyperliens seraient mis en place pour le compte du domaine qui rel\u00e8vent d&rsquo;autres sites Internet, ALBA VALERO VILLARON n&rsquo;exercera aucun type de contr\u00f4le sur lesdits sites et contenus. ALBA VALERO VILLARON n&rsquo;assumera en aucun cas la responsabilit\u00e9 du contenu de tout lien appartenant \u00e0 un site Web tiers, ni ne garantira la disponibilit\u00e9 technique, la qualit\u00e9, la fiabilit\u00e9, l&rsquo;exactitude, l&rsquo;\u00e9tendue, la v\u00e9racit\u00e9, la validit\u00e9 et la constitutionnalit\u00e9 de tout mat\u00e9riel ou information contenu dans l&rsquo;un de ces hyperliens ou autres sites Internet. . De m\u00eame, l&rsquo;inclusion de ces connexions externes n&rsquo;impliquera aucun type d&rsquo;association, de fusion ou de participation avec les entit\u00e9s connect\u00e9es.<br \/>L&rsquo;utilisateur reconna\u00eet et accepte qu&rsquo;ALBA VALERO VILLARON ne sera pas responsable des pertes ou dommages que l&rsquo;utilisateur pourrait subir en raison de la disponibilit\u00e9 des sites Web ou des ressources externes susmentionn\u00e9s, ou en raison de la cr\u00e9dibilit\u00e9 accord\u00e9 \u00e0 l&rsquo;exhaustivit\u00e9, la pr\u00e9cision ou l&rsquo;existence de tout type de publicit\u00e9, de produits ou d&rsquo;autres mat\u00e9riels propos\u00e9s via ledit site Web ou d&rsquo;autres ressources.<\/p>\n<p><strong>DROIT D\u2019EXCLUSION<\/strong><br \/>ALBA VALERO VILLARON se r\u00e9serve le droit de refuser ou de retirer l&rsquo;acc\u00e8s au portail ou aux services offerts sans pr\u00e9avis, \u00e0 sa propre demande ou par des tiers, aux utilisateurs qui ne respectent pas les pr\u00e9sentes conditions g\u00e9n\u00e9rales d&rsquo;utilisation.<\/p>\n<p><strong>G\u00c9N\u00c9RALIT\u00c9S<\/strong><br \/>ALBA VALERO VILLARON poursuivra la violation de ces conditions, ainsi que toute utilisation abusive de son portail, en exer\u00e7ant toutes les actions civiles et p\u00e9nales qui pourraient lui correspondre par la loi.<\/p>\n<p><strong>L\u00c9GISLATION ET JURIDICTION APPLICABLES<\/strong><br \/>La relation entre ALBA VALERO VILLARON et l&rsquo;utilisateur sera r\u00e9gie par la r\u00e9glementation espagnole en vigueur. Et tant que la r\u00e9glementation en vigueur \u00e0 cet effet pr\u00e9voit la possibilit\u00e9 pour les parties de se soumettre \u00e0 une juridiction sp\u00e9cifique, tout litige entre le responsable du site Web et l&rsquo;utilisateur ou l&rsquo;utilisateur sera soumis aux cours et tribunaux de la ville de Barcelone.<\/p>\n<p><strong>PLATEFORME EUROP\u00c9ENNE DE R\u00c9SOLUTION DE LITIGES EN LIGNE<\/strong><br \/>Nous vous informons qu&rsquo;en cas de probl\u00e8me pouvant d\u00e9couler du service souscrit ou du produit vendu, vous pouvez utiliser la plateforme europ\u00e9enne de r\u00e8glement de litiges en ligne, il s&rsquo;agit de : https:\/\/ec.europa.eu\/consumers\/odr\/main\/index.cfm?event=main.home<\/p>\n\t\t\t\t\t\t\t\t<\/div>\n\t\t\t\t<\/div>\n\t\t\t\t\t<\/div>\n\t\t<\/div>\n\t\t\t\t\t<\/div>\n\t\t<\/section>\n\t\t\t\t<\/div>\n\t\t","protected":false},"excerpt":{"rendered":"<p>INTRODUCTION Ce document a comme finalit\u00e9 \u00e9tablir et r\u00e9gler les normes d\u2019utilisation de ce portail web, c&rsquo;est-\u00e0-dire toutes les pages et leurs contenus, propri\u00e9t\u00e9 d&rsquo;ALBA VALERO VILLARON, accessibles via le domaine www.quimi-reach.com. L&rsquo;utilisation du portail Web attribue la condition d&rsquo;utilisateur de celui-ci et implique l&rsquo;acceptation de toutes les conditions incluses dans le pr\u00e9sent avis juridique. &#8230; <a title=\"Mentions L\u00e9gales\" class=\"read-more\" href=\"https:\/\/quimi-reach.com\/fr\/mentions-legales\/\" aria-label=\"En savoir plus sur Mentions L\u00e9gales\">Lire la suite<\/a><\/p>\n","protected":false},"author":1,"featured_media":0,"parent":0,"menu_order":0,"comment_status":"closed","ping_status":"closed","template":"","meta":{"footnotes":""},"class_list":["post-1310","page","type-page","status-publish"],"yoast_head":"<!-- This site is optimized with the Yoast SEO plugin v27.3 - https:\/\/yoast.com\/product\/yoast-seo-wordpress\/ -->\n<title>Mentions L\u00e9gales - QUIMI REACH<\/title>\n<meta name=\"robots\" content=\"index, follow, max-snippet:-1, max-image-preview:large, max-video-preview:-1\" \/>\n<link rel=\"canonical\" href=\"https:\/\/quimi-reach.com\/aviso-legal\/\" \/>\n<meta property=\"og:locale\" content=\"fr_FR\" \/>\n<meta property=\"og:type\" content=\"article\" \/>\n<meta property=\"og:title\" content=\"Mentions L\u00e9gales - QUIMI REACH\" \/>\n<meta property=\"og:description\" content=\"INTRODUCTION Ce document a comme finalit\u00e9 \u00e9tablir et r\u00e9gler les normes d\u2019utilisation de ce portail web, c&rsquo;est-\u00e0-dire toutes les pages et leurs contenus, propri\u00e9t\u00e9 d&rsquo;ALBA VALERO VILLARON, accessibles via le domaine www.quimi-reach.com. L&rsquo;utilisation du portail Web attribue la condition d&rsquo;utilisateur de celui-ci et implique l&rsquo;acceptation de toutes les conditions incluses dans le pr\u00e9sent avis juridique. ... Lire la suite\" \/>\n<meta property=\"og:url\" content=\"https:\/\/quimi-reach.com\/aviso-legal\/\" \/>\n<meta property=\"og:site_name\" content=\"QUIMI REACH\" \/>\n<meta property=\"article:modified_time\" content=\"2021-12-21T10:26:54+00:00\" \/>\n<meta name=\"twitter:card\" content=\"summary_large_image\" \/>\n<meta name=\"twitter:label1\" content=\"Dur\u00e9e de lecture estim\u00e9e\" \/>\n\t<meta name=\"twitter:data1\" content=\"7 minutes\" \/>\n<script type=\"application\/ld+json\" class=\"yoast-schema-graph\">{\"@context\":\"https:\\\/\\\/schema.org\",\"@graph\":[{\"@type\":\"WebPage\",\"@id\":\"https:\\\/\\\/quimi-reach.com\\\/aviso-legal\\\/\",\"url\":\"https:\\\/\\\/quimi-reach.com\\\/aviso-legal\\\/\",\"name\":\"Mentions L\u00e9gales - QUIMI REACH\",\"isPartOf\":{\"@id\":\"https:\\\/\\\/quimi-reach.com\\\/#website\"},\"datePublished\":\"2021-11-30T15:26:54+00:00\",\"dateModified\":\"2021-12-21T10:26:54+00:00\",\"breadcrumb\":{\"@id\":\"https:\\\/\\\/quimi-reach.com\\\/aviso-legal\\\/#breadcrumb\"},\"inLanguage\":\"fr-FR\",\"potentialAction\":[{\"@type\":\"ReadAction\",\"target\":[\"https:\\\/\\\/quimi-reach.com\\\/aviso-legal\\\/\"]}]},{\"@type\":\"BreadcrumbList\",\"@id\":\"https:\\\/\\\/quimi-reach.com\\\/aviso-legal\\\/#breadcrumb\",\"itemListElement\":[{\"@type\":\"ListItem\",\"position\":1,\"name\":\"Portada\",\"item\":\"https:\\\/\\\/quimi-reach.com\\\/fr\\\/\"},{\"@type\":\"ListItem\",\"position\":2,\"name\":\"Mentions L\u00e9gales\"}]},{\"@type\":\"WebSite\",\"@id\":\"https:\\\/\\\/quimi-reach.com\\\/#website\",\"url\":\"https:\\\/\\\/quimi-reach.com\\\/\",\"name\":\"QUIMI REACH\",\"description\":\"Consultora de seguridad de Producto\",\"publisher\":{\"@id\":\"https:\\\/\\\/quimi-reach.com\\\/#\\\/schema\\\/person\\\/3bbbdd6700a27841aa8e86bf171e94a3\"},\"potentialAction\":[{\"@type\":\"SearchAction\",\"target\":{\"@type\":\"EntryPoint\",\"urlTemplate\":\"https:\\\/\\\/quimi-reach.com\\\/?s={search_term_string}\"},\"query-input\":{\"@type\":\"PropertyValueSpecification\",\"valueRequired\":true,\"valueName\":\"search_term_string\"}}],\"inLanguage\":\"fr-FR\"},{\"@type\":[\"Person\",\"Organization\"],\"@id\":\"https:\\\/\\\/quimi-reach.com\\\/#\\\/schema\\\/person\\\/3bbbdd6700a27841aa8e86bf171e94a3\",\"name\":\"Alba Valero\",\"image\":{\"@type\":\"ImageObject\",\"inLanguage\":\"fr-FR\",\"@id\":\"https:\\\/\\\/secure.gravatar.com\\\/avatar\\\/0640cd6249aff0b47e72058f7d5bc06dde4071003afb84d6db5cb4d789fe9e8e?s=96&d=mm&r=g\",\"url\":\"https:\\\/\\\/secure.gravatar.com\\\/avatar\\\/0640cd6249aff0b47e72058f7d5bc06dde4071003afb84d6db5cb4d789fe9e8e?s=96&d=mm&r=g\",\"contentUrl\":\"https:\\\/\\\/secure.gravatar.com\\\/avatar\\\/0640cd6249aff0b47e72058f7d5bc06dde4071003afb84d6db5cb4d789fe9e8e?s=96&d=mm&r=g\",\"caption\":\"Alba Valero\"},\"logo\":{\"@id\":\"https:\\\/\\\/secure.gravatar.com\\\/avatar\\\/0640cd6249aff0b47e72058f7d5bc06dde4071003afb84d6db5cb4d789fe9e8e?s=96&d=mm&r=g\"},\"description\":\"Alba Valero es ingeniera qu\u00edmica y fundadora de QUIMI-REACH, consultor\u00eda especializada en seguridad de producto qu\u00edmico. Asesora a empresas en normativa REACH, CLP, ADR y elaboraci\u00f3n de Fichas de Datos de Seguridad (FDS), con un enfoque pr\u00e1ctico, riguroso y orientado a la protecci\u00f3n de las personas y el entorno.\",\"sameAs\":[\"http:\\\/\\\/quimi-reach.com\",\"https:\\\/\\\/www.linkedin.com\\\/in\\\/alba-valero-villaron-b4ba6a88\\\/\",\"@ALBA-VALERO\"]}]}<\/script>\n<!-- \/ Yoast SEO plugin. -->","yoast_head_json":{"title":"Mentions L\u00e9gales - QUIMI REACH","robots":{"index":"index","follow":"follow","max-snippet":"max-snippet:-1","max-image-preview":"max-image-preview:large","max-video-preview":"max-video-preview:-1"},"canonical":"https:\/\/quimi-reach.com\/aviso-legal\/","og_locale":"fr_FR","og_type":"article","og_title":"Mentions L\u00e9gales - QUIMI REACH","og_description":"INTRODUCTION Ce document a comme finalit\u00e9 \u00e9tablir et r\u00e9gler les normes d\u2019utilisation de ce portail web, c&rsquo;est-\u00e0-dire toutes les pages et leurs contenus, propri\u00e9t\u00e9 d&rsquo;ALBA VALERO VILLARON, accessibles via le domaine www.quimi-reach.com. L&rsquo;utilisation du portail Web attribue la condition d&rsquo;utilisateur de celui-ci et implique l&rsquo;acceptation de toutes les conditions incluses dans le pr\u00e9sent avis juridique. ... Lire la suite","og_url":"https:\/\/quimi-reach.com\/aviso-legal\/","og_site_name":"QUIMI REACH","article_modified_time":"2021-12-21T10:26:54+00:00","twitter_card":"summary_large_image","twitter_misc":{"Dur\u00e9e de lecture estim\u00e9e":"7 minutes"},"schema":{"@context":"https:\/\/schema.org","@graph":[{"@type":"WebPage","@id":"https:\/\/quimi-reach.com\/aviso-legal\/","url":"https:\/\/quimi-reach.com\/aviso-legal\/","name":"Mentions L\u00e9gales - QUIMI REACH","isPartOf":{"@id":"https:\/\/quimi-reach.com\/#website"},"datePublished":"2021-11-30T15:26:54+00:00","dateModified":"2021-12-21T10:26:54+00:00","breadcrumb":{"@id":"https:\/\/quimi-reach.com\/aviso-legal\/#breadcrumb"},"inLanguage":"fr-FR","potentialAction":[{"@type":"ReadAction","target":["https:\/\/quimi-reach.com\/aviso-legal\/"]}]},{"@type":"BreadcrumbList","@id":"https:\/\/quimi-reach.com\/aviso-legal\/#breadcrumb","itemListElement":[{"@type":"ListItem","position":1,"name":"Portada","item":"https:\/\/quimi-reach.com\/fr\/"},{"@type":"ListItem","position":2,"name":"Mentions L\u00e9gales"}]},{"@type":"WebSite","@id":"https:\/\/quimi-reach.com\/#website","url":"https:\/\/quimi-reach.com\/","name":"QUIMI REACH","description":"Consultora de seguridad de Producto","publisher":{"@id":"https:\/\/quimi-reach.com\/#\/schema\/person\/3bbbdd6700a27841aa8e86bf171e94a3"},"potentialAction":[{"@type":"SearchAction","target":{"@type":"EntryPoint","urlTemplate":"https:\/\/quimi-reach.com\/?s={search_term_string}"},"query-input":{"@type":"PropertyValueSpecification","valueRequired":true,"valueName":"search_term_string"}}],"inLanguage":"fr-FR"},{"@type":["Person","Organization"],"@id":"https:\/\/quimi-reach.com\/#\/schema\/person\/3bbbdd6700a27841aa8e86bf171e94a3","name":"Alba Valero","image":{"@type":"ImageObject","inLanguage":"fr-FR","@id":"https:\/\/secure.gravatar.com\/avatar\/0640cd6249aff0b47e72058f7d5bc06dde4071003afb84d6db5cb4d789fe9e8e?s=96&d=mm&r=g","url":"https:\/\/secure.gravatar.com\/avatar\/0640cd6249aff0b47e72058f7d5bc06dde4071003afb84d6db5cb4d789fe9e8e?s=96&d=mm&r=g","contentUrl":"https:\/\/secure.gravatar.com\/avatar\/0640cd6249aff0b47e72058f7d5bc06dde4071003afb84d6db5cb4d789fe9e8e?s=96&d=mm&r=g","caption":"Alba Valero"},"logo":{"@id":"https:\/\/secure.gravatar.com\/avatar\/0640cd6249aff0b47e72058f7d5bc06dde4071003afb84d6db5cb4d789fe9e8e?s=96&d=mm&r=g"},"description":"Alba Valero es ingeniera qu\u00edmica y fundadora de QUIMI-REACH, consultor\u00eda especializada en seguridad de producto qu\u00edmico. Asesora a empresas en normativa REACH, CLP, ADR y elaboraci\u00f3n de Fichas de Datos de Seguridad (FDS), con un enfoque pr\u00e1ctico, riguroso y orientado a la protecci\u00f3n de las personas y el entorno.","sameAs":["http:\/\/quimi-reach.com","https:\/\/www.linkedin.com\/in\/alba-valero-villaron-b4ba6a88\/","@ALBA-VALERO"]}]}},"_links":{"self":[{"href":"https:\/\/quimi-reach.com\/fr\/wp-json\/wp\/v2\/pages\/1310","targetHints":{"allow":["GET"]}}],"collection":[{"href":"https:\/\/quimi-reach.com\/fr\/wp-json\/wp\/v2\/pages"}],"about":[{"href":"https:\/\/quimi-reach.com\/fr\/wp-json\/wp\/v2\/types\/page"}],"author":[{"embeddable":true,"href":"https:\/\/quimi-reach.com\/fr\/wp-json\/wp\/v2\/users\/1"}],"replies":[{"embeddable":true,"href":"https:\/\/quimi-reach.com\/fr\/wp-json\/wp\/v2\/comments?post=1310"}],"version-history":[{"count":3,"href":"https:\/\/quimi-reach.com\/fr\/wp-json\/wp\/v2\/pages\/1310\/revisions"}],"predecessor-version":[{"id":1752,"href":"https:\/\/quimi-reach.com\/fr\/wp-json\/wp\/v2\/pages\/1310\/revisions\/1752"}],"wp:attachment":[{"href":"https:\/\/quimi-reach.com\/fr\/wp-json\/wp\/v2\/media?parent=1310"}],"curies":[{"name":"wp","href":"https:\/\/api.w.org\/{rel}","templated":true}]}}