{"id":1808,"date":"2020-11-03T14:09:29","date_gmt":"2020-11-03T14:09:29","guid":{"rendered":"https:\/\/quimi-reach.com\/politica-de-cookies\/"},"modified":"2021-12-21T11:10:54","modified_gmt":"2021-12-21T10:10:54","slug":"cookies-policy","status":"publish","type":"page","link":"https:\/\/quimi-reach.com\/en\/cookies-policy\/","title":{"rendered":"COOKIES POLICY"},"content":{"rendered":"\t\t<div data-elementor-type=\"wp-page\" data-elementor-id=\"1808\" class=\"elementor elementor-1808 elementor-512\" data-elementor-post-type=\"page\">\n\t\t\t\t\t\t<section class=\"elementor-section elementor-top-section elementor-element elementor-element-491c604 elementor-section-boxed elementor-section-height-default elementor-section-height-default\" data-id=\"491c604\" data-element_type=\"section\" data-e-type=\"section\" data-settings=\"{&quot;jet_parallax_layout_list&quot;:[{&quot;jet_parallax_layout_image&quot;:{&quot;url&quot;:&quot;&quot;,&quot;id&quot;:&quot;&quot;,&quot;size&quot;:&quot;&quot;},&quot;_id&quot;:&quot;7a1ae0d&quot;,&quot;jet_parallax_layout_image_tablet&quot;:{&quot;url&quot;:&quot;&quot;,&quot;id&quot;:&quot;&quot;,&quot;size&quot;:&quot;&quot;},&quot;jet_parallax_layout_image_mobile&quot;:{&quot;url&quot;:&quot;&quot;,&quot;id&quot;:&quot;&quot;,&quot;size&quot;:&quot;&quot;},&quot;jet_parallax_layout_speed&quot;:{&quot;unit&quot;:&quot;%&quot;,&quot;size&quot;:50,&quot;sizes&quot;:[]},&quot;jet_parallax_layout_type&quot;:&quot;scroll&quot;,&quot;jet_parallax_layout_direction&quot;:&quot;1&quot;,&quot;jet_parallax_layout_fx_direction&quot;:null,&quot;jet_parallax_layout_z_index&quot;:&quot;&quot;,&quot;jet_parallax_layout_bg_x&quot;:50,&quot;jet_parallax_layout_bg_x_tablet&quot;:&quot;&quot;,&quot;jet_parallax_layout_bg_x_mobile&quot;:&quot;&quot;,&quot;jet_parallax_layout_bg_y&quot;:50,&quot;jet_parallax_layout_bg_y_tablet&quot;:&quot;&quot;,&quot;jet_parallax_layout_bg_y_mobile&quot;:&quot;&quot;,&quot;jet_parallax_layout_bg_size&quot;:&quot;auto&quot;,&quot;jet_parallax_layout_bg_size_tablet&quot;:&quot;&quot;,&quot;jet_parallax_layout_bg_size_mobile&quot;:&quot;&quot;,&quot;jet_parallax_layout_animation_prop&quot;:&quot;transform&quot;,&quot;jet_parallax_layout_on&quot;:[&quot;desktop&quot;,&quot;tablet&quot;]}]}\">\n\t\t\t\t\t\t<div class=\"elementor-container elementor-column-gap-default\">\n\t\t\t\t\t<div class=\"elementor-column elementor-col-100 elementor-top-column elementor-element elementor-element-425660e\" data-id=\"425660e\" data-element_type=\"column\" data-e-type=\"column\">\n\t\t\t<div class=\"elementor-widget-wrap elementor-element-populated\">\n\t\t\t\t\t\t<div class=\"elementor-element elementor-element-a82b6c5 elementor-widget elementor-widget-text-editor\" data-id=\"a82b6c5\" data-element_type=\"widget\" data-e-type=\"widget\" data-widget_type=\"text-editor.default\">\n\t\t\t\t<div class=\"elementor-widget-container\">\n\t\t\t\t\t\t\t\t\t<p>The Website uses a traffic analyzer that uses small files containing information called and known as \u201ccookies\u201d that the server sends to the computer of the individual accessing the website for it to work properly and for the user to view it properly, as well as the collection of statistical data on how our Website is used and browsed.<\/p><p>We may collect information about your computer, including, where applicable, your IP address, operating system and browser type. Cookies contain information that is transferred to your computer&#8217;s hard drive.<\/p><p>Cookies also help us improve our Website and provide a better and more personalized experience. Specifically, they let us:<\/p><p>&#8211; Estimate the number of users and usage patterns.<\/p><p>&#8211; Store information about your preferences and customize our Website according to your individual interests.<\/p><p>&#8211; Speed up your searches.<\/p><p>&#8211; Recognize you when you return to our Site.<\/p><p><strong>ACCEPTANCE AND\/OR REJECTION OF THE COOKIES POLICY<\/strong><\/p><p>This Website displays information about its Cookie Policy at the bottom or top of the portal upon each login so that you are aware of and informed about it.<\/p><p>You can accept the installation of cookies on your web browser through an affirmative, positive action.<\/p><p>You may also reject the use of cookies by choosing to decline their installation and use on your browser. Nevertheless, you should be aware that doing so would mean that you might be unable to use the full functionality of this Website.<\/p><p>This Website processes information about you through Google. For these purposes, we hereby inform you that Google Inc. is considered a &#8220;safe harbor&#8221; in terms of personal data protection regulations.<\/p><p>Unless otherwise stated, the user must give their prior consent to the use of &#8220;cookies&#8221; and also authorize the tracking of their IP address while browsing the Website.<\/p><p>Unless you have adjusted your browser settings to reject cookies, our system will create cookies when you connect to our Site.<\/p><p>Following the European directives on data protection regulations that may be affected by the use of cookies, the different Internet browsers have configuration tools so that the user, if they so wish, may disable and\/or delete these cookies or enable private browsing mode on their browser.<\/p><p>You can allow, block or delete the cookies installed on your computer by configuring the options of the browser installed on it:<\/p><p>\u00a0<\/p><p><strong>WHAT COOKIES DO WE USE AND WHY?<\/strong><\/p><p>Here is a more detailed explanation of each type of cookie, as well as its duration, ownership, purpose and domains:<\/p><p>Google Analytics is a web analytics service provided by Google, Inc., a company in Delaware whose main headquarters is located at 1600 Amphitheatre Parkway, Mountain View (California), CA 94043, United States of America (\u201cGoogle\u201d):<\/p><p><strong>Google Analytics<\/strong> uses the following cookies:<\/p><p>_ga, _gat, _gid, and other possible cookies to be loaded by Google&#8217;s visitor tracking service.<\/p><p>They are used to:<\/p><p>&#8211; Generate a unique user identifier, which is used to count how many times a user visits the Site, as well as the date of the first and last time you visited the Site.<\/p><p>&#8211; Record the date and time of access to any of the Site\u2019s pages.<\/p><p>&#8211; Check whether to keep a user&#8217;s session open or to create a new one.<\/p><p>&#8211; Identify the user&#8217;s session, to collect the approximate geographical location of the computer accessing the Site for statistical purposes.<\/p><p>&#8211; Make an estimation on numbers and use patterns.<\/p><p>-Store information about your preferences and customize our website in accordance with your individual interests.<\/p><p>&#8211; Speed \u200b\u200bup your searches.<\/p><p>&#8211; Recognize you when you return to our site.Generate a unique user identifier, which is used to count how many times a user visits the site, as well as the date of the first and last time they visited the web<\/p><p><strong>Elementor<\/strong><\/p><p>Category: Necessary<\/p><p>First URL found: https:\/\/quimi-reach.com\/<\/p><p>Provider: quimi-reach.com<\/p><p>Domain path: \/<\/p><p>Country: France<\/p><p>Expiration: Persistent<\/p><p>Example value: {\u00ab__expiration\u00bb:{},\u00bbpageViews\u00bb:1,\u00bbsessions\u00bb:1}<\/p><p>Description of the purpose of the cookie: Used in relation to the WordPress theme of the web. The cookie allows the owner of the website to implement or change the content of the website in real time<\/p><p>\u00a0<\/p><p><strong>CookieConsent<\/strong><\/p><p>Category: Necessary<\/p><p>First URL found: https:\/\/quimi-reach.com\/<\/p><p>Provider: quimi-reach.com<\/p><p>Domain path: \/<\/p><p>Country: Ireland<\/p><p>Example value:\u00a0{stamp:%27-1%27%2Cnecessary:true%2Cpreferences:true%2Cstatistics:true%2Cmarketing:true%2Cver:2147483647%2Cutc:1603964079755}<\/p><p>\u00a0<\/p><p>They can be both temporary and persistent.<\/p>\t\t\t\t\t\t\t\t<\/div>\n\t\t\t\t<\/div>\n\t\t\t\t\t<\/div>\n\t\t<\/div>\n\t\t\t\t\t<\/div>\n\t\t<\/section>\n\t\t\t\t<\/div>\n\t\t","protected":false},"excerpt":{"rendered":"<p>The Website uses a traffic analyzer that uses small files containing information called and known as \u201ccookies\u201d that the server sends to the computer of the individual accessing the website for it to work properly and for the user to view it properly, as well as the collection of statistical data on how our Website &#8230; <a title=\"COOKIES POLICY\" class=\"read-more\" href=\"https:\/\/quimi-reach.com\/en\/cookies-policy\/\" aria-label=\"Read more about COOKIES POLICY\">Read more<\/a><\/p>\n","protected":false},"author":1,"featured_media":0,"parent":0,"menu_order":0,"comment_status":"closed","ping_status":"closed","template":"","meta":{"footnotes":""},"class_list":["post-1808","page","type-page","status-publish"],"yoast_head":"<!-- This site is optimized with the Yoast SEO plugin v27.3 - https:\/\/yoast.com\/product\/yoast-seo-wordpress\/ -->\n<title>COOKIES POLICY - QUIMI REACH<\/title>\n<meta name=\"robots\" content=\"index, follow, max-snippet:-1, max-image-preview:large, max-video-preview:-1\" \/>\n<link rel=\"canonical\" href=\"https:\/\/quimi-reach.com\/en\/cookies-policy\/\" \/>\n<meta property=\"og:locale\" content=\"en_US\" \/>\n<meta property=\"og:type\" content=\"article\" \/>\n<meta property=\"og:title\" content=\"COOKIES POLICY - QUIMI REACH\" \/>\n<meta property=\"og:description\" content=\"The Website uses a traffic analyzer that uses small files containing information called and known as \u201ccookies\u201d that the server sends to the computer of the individual accessing the website for it to work properly and for the user to view it properly, as well as the collection of statistical data on how our Website ... Read more\" \/>\n<meta property=\"og:url\" content=\"https:\/\/quimi-reach.com\/en\/cookies-policy\/\" \/>\n<meta property=\"og:site_name\" content=\"QUIMI REACH\" \/>\n<meta property=\"article:modified_time\" content=\"2021-12-21T10:10:54+00:00\" \/>\n<meta name=\"twitter:card\" content=\"summary_large_image\" \/>\n<meta name=\"twitter:label1\" content=\"Est. reading time\" \/>\n\t<meta name=\"twitter:data1\" content=\"4 minutes\" \/>\n<script type=\"application\/ld+json\" class=\"yoast-schema-graph\">{\"@context\":\"https:\\\/\\\/schema.org\",\"@graph\":[{\"@type\":\"WebPage\",\"@id\":\"https:\\\/\\\/quimi-reach.com\\\/en\\\/cookies-policy\\\/\",\"url\":\"https:\\\/\\\/quimi-reach.com\\\/en\\\/cookies-policy\\\/\",\"name\":\"COOKIES POLICY - QUIMI REACH\",\"isPartOf\":{\"@id\":\"https:\\\/\\\/quimi-reach.com\\\/#website\"},\"datePublished\":\"2020-11-03T14:09:29+00:00\",\"dateModified\":\"2021-12-21T10:10:54+00:00\",\"breadcrumb\":{\"@id\":\"https:\\\/\\\/quimi-reach.com\\\/en\\\/cookies-policy\\\/#breadcrumb\"},\"inLanguage\":\"en-US\",\"potentialAction\":[{\"@type\":\"ReadAction\",\"target\":[\"https:\\\/\\\/quimi-reach.com\\\/en\\\/cookies-policy\\\/\"]}]},{\"@type\":\"BreadcrumbList\",\"@id\":\"https:\\\/\\\/quimi-reach.com\\\/en\\\/cookies-policy\\\/#breadcrumb\",\"itemListElement\":[{\"@type\":\"ListItem\",\"position\":1,\"name\":\"Portada\",\"item\":\"https:\\\/\\\/quimi-reach.com\\\/en\\\/home\\\/\"},{\"@type\":\"ListItem\",\"position\":2,\"name\":\"COOKIES POLICY\"}]},{\"@type\":\"WebSite\",\"@id\":\"https:\\\/\\\/quimi-reach.com\\\/#website\",\"url\":\"https:\\\/\\\/quimi-reach.com\\\/\",\"name\":\"QUIMI REACH\",\"description\":\"Consultora de seguridad de Producto\",\"publisher\":{\"@id\":\"https:\\\/\\\/quimi-reach.com\\\/#\\\/schema\\\/person\\\/3bbbdd6700a27841aa8e86bf171e94a3\"},\"potentialAction\":[{\"@type\":\"SearchAction\",\"target\":{\"@type\":\"EntryPoint\",\"urlTemplate\":\"https:\\\/\\\/quimi-reach.com\\\/?s={search_term_string}\"},\"query-input\":{\"@type\":\"PropertyValueSpecification\",\"valueRequired\":true,\"valueName\":\"search_term_string\"}}],\"inLanguage\":\"en-US\"},{\"@type\":[\"Person\",\"Organization\"],\"@id\":\"https:\\\/\\\/quimi-reach.com\\\/#\\\/schema\\\/person\\\/3bbbdd6700a27841aa8e86bf171e94a3\",\"name\":\"Alba Valero\",\"image\":{\"@type\":\"ImageObject\",\"inLanguage\":\"en-US\",\"@id\":\"https:\\\/\\\/secure.gravatar.com\\\/avatar\\\/0640cd6249aff0b47e72058f7d5bc06dde4071003afb84d6db5cb4d789fe9e8e?s=96&d=mm&r=g\",\"url\":\"https:\\\/\\\/secure.gravatar.com\\\/avatar\\\/0640cd6249aff0b47e72058f7d5bc06dde4071003afb84d6db5cb4d789fe9e8e?s=96&d=mm&r=g\",\"contentUrl\":\"https:\\\/\\\/secure.gravatar.com\\\/avatar\\\/0640cd6249aff0b47e72058f7d5bc06dde4071003afb84d6db5cb4d789fe9e8e?s=96&d=mm&r=g\",\"caption\":\"Alba Valero\"},\"logo\":{\"@id\":\"https:\\\/\\\/secure.gravatar.com\\\/avatar\\\/0640cd6249aff0b47e72058f7d5bc06dde4071003afb84d6db5cb4d789fe9e8e?s=96&d=mm&r=g\"},\"description\":\"Alba Valero es ingeniera qu\u00edmica y fundadora de QUIMI-REACH, consultor\u00eda especializada en seguridad de producto qu\u00edmico. Asesora a empresas en normativa REACH, CLP, ADR y elaboraci\u00f3n de Fichas de Datos de Seguridad (FDS), con un enfoque pr\u00e1ctico, riguroso y orientado a la protecci\u00f3n de las personas y el entorno.\",\"sameAs\":[\"http:\\\/\\\/quimi-reach.com\",\"https:\\\/\\\/www.linkedin.com\\\/in\\\/alba-valero-villaron-b4ba6a88\\\/\",\"@ALBA-VALERO\"]}]}<\/script>\n<!-- \/ Yoast SEO plugin. -->","yoast_head_json":{"title":"COOKIES POLICY - QUIMI REACH","robots":{"index":"index","follow":"follow","max-snippet":"max-snippet:-1","max-image-preview":"max-image-preview:large","max-video-preview":"max-video-preview:-1"},"canonical":"https:\/\/quimi-reach.com\/en\/cookies-policy\/","og_locale":"en_US","og_type":"article","og_title":"COOKIES POLICY - QUIMI REACH","og_description":"The Website uses a traffic analyzer that uses small files containing information called and known as \u201ccookies\u201d that the server sends to the computer of the individual accessing the website for it to work properly and for the user to view it properly, as well as the collection of statistical data on how our Website ... Read more","og_url":"https:\/\/quimi-reach.com\/en\/cookies-policy\/","og_site_name":"QUIMI REACH","article_modified_time":"2021-12-21T10:10:54+00:00","twitter_card":"summary_large_image","twitter_misc":{"Est. reading time":"4 minutes"},"schema":{"@context":"https:\/\/schema.org","@graph":[{"@type":"WebPage","@id":"https:\/\/quimi-reach.com\/en\/cookies-policy\/","url":"https:\/\/quimi-reach.com\/en\/cookies-policy\/","name":"COOKIES POLICY - QUIMI REACH","isPartOf":{"@id":"https:\/\/quimi-reach.com\/#website"},"datePublished":"2020-11-03T14:09:29+00:00","dateModified":"2021-12-21T10:10:54+00:00","breadcrumb":{"@id":"https:\/\/quimi-reach.com\/en\/cookies-policy\/#breadcrumb"},"inLanguage":"en-US","potentialAction":[{"@type":"ReadAction","target":["https:\/\/quimi-reach.com\/en\/cookies-policy\/"]}]},{"@type":"BreadcrumbList","@id":"https:\/\/quimi-reach.com\/en\/cookies-policy\/#breadcrumb","itemListElement":[{"@type":"ListItem","position":1,"name":"Portada","item":"https:\/\/quimi-reach.com\/en\/home\/"},{"@type":"ListItem","position":2,"name":"COOKIES POLICY"}]},{"@type":"WebSite","@id":"https:\/\/quimi-reach.com\/#website","url":"https:\/\/quimi-reach.com\/","name":"QUIMI REACH","description":"Consultora de seguridad de Producto","publisher":{"@id":"https:\/\/quimi-reach.com\/#\/schema\/person\/3bbbdd6700a27841aa8e86bf171e94a3"},"potentialAction":[{"@type":"SearchAction","target":{"@type":"EntryPoint","urlTemplate":"https:\/\/quimi-reach.com\/?s={search_term_string}"},"query-input":{"@type":"PropertyValueSpecification","valueRequired":true,"valueName":"search_term_string"}}],"inLanguage":"en-US"},{"@type":["Person","Organization"],"@id":"https:\/\/quimi-reach.com\/#\/schema\/person\/3bbbdd6700a27841aa8e86bf171e94a3","name":"Alba Valero","image":{"@type":"ImageObject","inLanguage":"en-US","@id":"https:\/\/secure.gravatar.com\/avatar\/0640cd6249aff0b47e72058f7d5bc06dde4071003afb84d6db5cb4d789fe9e8e?s=96&d=mm&r=g","url":"https:\/\/secure.gravatar.com\/avatar\/0640cd6249aff0b47e72058f7d5bc06dde4071003afb84d6db5cb4d789fe9e8e?s=96&d=mm&r=g","contentUrl":"https:\/\/secure.gravatar.com\/avatar\/0640cd6249aff0b47e72058f7d5bc06dde4071003afb84d6db5cb4d789fe9e8e?s=96&d=mm&r=g","caption":"Alba Valero"},"logo":{"@id":"https:\/\/secure.gravatar.com\/avatar\/0640cd6249aff0b47e72058f7d5bc06dde4071003afb84d6db5cb4d789fe9e8e?s=96&d=mm&r=g"},"description":"Alba Valero es ingeniera qu\u00edmica y fundadora de QUIMI-REACH, consultor\u00eda especializada en seguridad de producto qu\u00edmico. Asesora a empresas en normativa REACH, CLP, ADR y elaboraci\u00f3n de Fichas de Datos de Seguridad (FDS), con un enfoque pr\u00e1ctico, riguroso y orientado a la protecci\u00f3n de las personas y el entorno.","sameAs":["http:\/\/quimi-reach.com","https:\/\/www.linkedin.com\/in\/alba-valero-villaron-b4ba6a88\/","@ALBA-VALERO"]}]}},"_links":{"self":[{"href":"https:\/\/quimi-reach.com\/en\/wp-json\/wp\/v2\/pages\/1808","targetHints":{"allow":["GET"]}}],"collection":[{"href":"https:\/\/quimi-reach.com\/en\/wp-json\/wp\/v2\/pages"}],"about":[{"href":"https:\/\/quimi-reach.com\/en\/wp-json\/wp\/v2\/types\/page"}],"author":[{"embeddable":true,"href":"https:\/\/quimi-reach.com\/en\/wp-json\/wp\/v2\/users\/1"}],"replies":[{"embeddable":true,"href":"https:\/\/quimi-reach.com\/en\/wp-json\/wp\/v2\/comments?post=1808"}],"version-history":[{"count":3,"href":"https:\/\/quimi-reach.com\/en\/wp-json\/wp\/v2\/pages\/1808\/revisions"}],"predecessor-version":[{"id":1814,"href":"https:\/\/quimi-reach.com\/en\/wp-json\/wp\/v2\/pages\/1808\/revisions\/1814"}],"wp:attachment":[{"href":"https:\/\/quimi-reach.com\/en\/wp-json\/wp\/v2\/media?parent=1808"}],"curies":[{"name":"wp","href":"https:\/\/api.w.org\/{rel}","templated":true}]}}